{"id":678,"date":"2016-02-19T13:44:01","date_gmt":"2016-02-19T10:44:01","guid":{"rendered":"https:\/\/www.svinostugby.com\/fi\/erbjudande\/"},"modified":"2023-06-23T11:22:34","modified_gmt":"2023-06-23T08:22:34","slug":"tarjous","status":"publish","type":"page","link":"https:\/\/www.svinostugby.com\/fi\/tarjous\/","title":{"rendered":"Tarjous"},"content":{"rendered":"<p>[vc_row rt_row_background_width=&#8221;default&#8221; rt_row_style=&#8221;default-style&#8221; rt_row_borders=&#8221;&#8221; rt_row_paddings=&#8221;true&#8221; rt_bg_effect=&#8221;classic&#8221; rt_bg_image_repeat=&#8221;repeat&#8221; rt_bg_size=&#8221;cover&#8221; rt_bg_position=&#8221;right top&#8221; rt_bg_attachment=&#8221;scroll&#8221; rt_bg_video_format=&#8221;self-hosted&#8221; full_width=&#8221;&#8221;][vc_column rt_wrp_col_paddings=&#8221;false&#8221; rt_border_top=&#8221;&#8221; rt_border_bottom=&#8221;&#8221; rt_border_left=&#8221;&#8221; rt_border_right=&#8221;&#8221; rt_border_top_mobile=&#8221;&#8221; rt_border_bottom_mobile=&#8221;&#8221; rt_border_left_mobile=&#8221;&#8221; rt_border_right_mobile=&#8221;&#8221; rt_bg_image_repeat=&#8221;repeat&#8221; rt_bg_size=&#8221;auto auto&#8221; rt_bg_position=&#8221;right top&#8221; rt_bg_attachment=&#8221;scroll&#8221;][vc_cta h2=&#8221;Onko sinulla alennuskoodi?&#8221; h2_font_container=&#8221;tag:h2|text_align:left&#8221; h2_use_theme_fonts=&#8221;yes&#8221; color=&#8221;sky&#8221; add_button=&#8221;right&#8221; btn_title=&#8221;BOKA DIREKT&#8221; btn_color=&#8221;sky&#8221; btn_size=&#8221;lg&#8221; btn_i_icon_fontawesome=&#8221;fa fa-calendar&#8221; btn_css_animation=&#8221;right-to-left&#8221; add_icon=&#8221;left&#8221; i_icon_fontawesome=&#8221;far fa-calendar-alt&#8221; i_color=&#8221;sky&#8221; i_size=&#8221;xl&#8221; i_css_animation=&#8221;appear&#8221; css_animation=&#8221;left-to-right&#8221; use_custom_fonts_h2=&#8221;true&#8221; btn_add_icon=&#8221;true&#8221; i_on_border=&#8221;true&#8221; h2_link=&#8221;url:https%3A%2F%2F5316e3ac4091b.sirvoy.me%2F|target:_blank&#8221; btn_link=&#8221;url:https%3A%2F%2Fsecured.sirvoy.com%2Fengine%2Fhtml%2F5316e3ac4091b.html||target:%20_blank&#8221; i_link=&#8221;url:https%3A%2F%2Fsecured.sirvoy.com%2Fengine%2Fbook%3Fid%3D5316e3ac4091b%26rt%3D%26v%3D1%26language%3Den||target:%20_blank&#8221; css=&#8221;.vc_custom_1687508552360{background-color: #242424 !important;}&#8221;]<img loading=\"lazy\" decoding=\"async\" class=\"alignleft wp-image-583\" src=\"https:\/\/www.svinostugby.com\/wp-content\/uploads\/2017\/11\/10-Off-2-298x300.png\" alt=\"10% Off 2\" width=\"163\" height=\"164\" srcset=\"https:\/\/www.svinostugby.com\/wp-content\/uploads\/2017\/11\/10-Off-2-298x300.png 298w, https:\/\/www.svinostugby.com\/wp-content\/uploads\/2017\/11\/10-Off-2-150x150.png 150w, https:\/\/www.svinostugby.com\/wp-content\/uploads\/2017\/11\/10-Off-2.png 396w\" sizes=\"auto, (max-width: 163px) 100vw, 163px\" \/><br \/>\nSaadaksesi 10 % alennuksen varauksestasi, k\u00e4yt\u00e4 koodia 2018 varauksen yhteydess\u00e4[\/vc_cta][\/vc_column][\/vc_row]<\/p>\n","protected":false},"excerpt":{"rendered":"<p>[vc_row rt_row_background_width=&#8221;default&#8221; rt_row_style=&#8221;default-style&#8221; rt_row_borders=&#8221;&#8221; rt_row_paddings=&#8221;true&#8221; rt_bg_effect=&#8221;classic&#8221; rt_bg_image_repeat=&#8221;repeat&#8221; rt_bg_size=&#8221;cover&#8221; rt_bg_position=&#8221;right top&#8221; rt_bg_attachment=&#8221;scroll&#8221; rt_bg_video_format=&#8221;self-hosted&#8221; full_width=&#8221;&#8221;][vc_column rt_wrp_col_paddings=&#8221;false&#8221; rt_border_top=&#8221;&#8221; rt_border_bottom=&#8221;&#8221; rt_border_left=&#8221;&#8221; rt_border_right=&#8221;&#8221; rt_border_top_mobile=&#8221;&#8221; rt_border_bottom_mobile=&#8221;&#8221; rt_border_left_mobile=&#8221;&#8221; rt_border_right_mobile=&#8221;&#8221; rt_bg_image_repeat=&#8221;repeat&#8221; rt_bg_size=&#8221;auto auto&#8221; rt_bg_position=&#8221;right top&#8221; rt_bg_attachment=&#8221;scroll&#8221;][vc_cta h2=&#8221;Onko sinulla alennuskoodi?&#8221; h2_font_container=&#8221;tag:h2|text_align:left&#8221; h2_use_theme_fonts=&#8221;yes&#8221; color=&#8221;sky&#8221; add_button=&#8221;right&#8221; btn_title=&#8221;BOKA DIREKT&#8221; btn_color=&#8221;sky&#8221; btn_size=&#8221;lg&#8221; btn_i_icon_fontawesome=&#8221;fa fa-calendar&#8221; btn_css_animation=&#8221;right-to-left&#8221; add_icon=&#8221;left&#8221; i_icon_fontawesome=&#8221;far fa-calendar-alt&#8221; i_color=&#8221;sky&#8221; i_size=&#8221;xl&#8221; i_css_animation=&#8221;appear&#8221; css_animation=&#8221;left-to-right&#8221; use_custom_fonts_h2=&#8221;true&#8221; btn_add_icon=&#8221;true&#8221; i_on_border=&#8221;true&#8221; h2_link=&#8221;url:https%3A%2F%2F5316e3ac4091b.sirvoy.me%2F|target:_blank&#8221; btn_link=&#8221;url:https%3A%2F%2Fsecured.sirvoy.com%2Fengine%2Fhtml%2F5316e3ac4091b.html||target:%20_blank&#8221; i_link=&#8221;url:https%3A%2F%2Fsecured.sirvoy.com%2Fengine%2Fbook%3Fid%3D5316e3ac4091b%26rt%3D%26v%3D1%26language%3Den||target:%20_blank&#8221; [&hellip;]<\/p>\n","protected":false},"author":1,"featured_media":0,"parent":0,"menu_order":1,"comment_status":"closed","ping_status":"closed","template":"","meta":{"footnotes":""},"class_list":["post-678","page","type-page","status-publish","hentry"],"_links":{"self":[{"href":"https:\/\/www.svinostugby.com\/fi\/wp-json\/wp\/v2\/pages\/678","targetHints":{"allow":["GET"]}}],"collection":[{"href":"https:\/\/www.svinostugby.com\/fi\/wp-json\/wp\/v2\/pages"}],"about":[{"href":"https:\/\/www.svinostugby.com\/fi\/wp-json\/wp\/v2\/types\/page"}],"author":[{"embeddable":true,"href":"https:\/\/www.svinostugby.com\/fi\/wp-json\/wp\/v2\/users\/1"}],"replies":[{"embeddable":true,"href":"https:\/\/www.svinostugby.com\/fi\/wp-json\/wp\/v2\/comments?post=678"}],"version-history":[{"count":3,"href":"https:\/\/www.svinostugby.com\/fi\/wp-json\/wp\/v2\/pages\/678\/revisions"}],"predecessor-version":[{"id":799,"href":"https:\/\/www.svinostugby.com\/fi\/wp-json\/wp\/v2\/pages\/678\/revisions\/799"}],"wp:attachment":[{"href":"https:\/\/www.svinostugby.com\/fi\/wp-json\/wp\/v2\/media?parent=678"}],"curies":[{"name":"wp","href":"https:\/\/api.w.org\/{rel}","templated":true}]}}