{"id":670,"date":"2016-02-14T13:04:50","date_gmt":"2016-02-14T10:04:50","guid":{"rendered":"https:\/\/www.svinostugby.com\/fi\/aktiviteter\/"},"modified":"2023-06-12T16:55:31","modified_gmt":"2023-06-12T13:55:31","slug":"aktiviteetit","status":"publish","type":"page","link":"https:\/\/www.svinostugby.com\/fi\/aktiviteetit\/","title":{"rendered":"Aktiviteetit"},"content":{"rendered":"<p>[vc_row rt_row_background_width=&#8221;fullwidth&#8221; rt_row_content_width=&#8221;default&#8221; rt_row_style=&#8221;default-style&#8221; rt_row_borders=&#8221;&#8221; rt_row_paddings=&#8221;true&#8221; rt_bg_effect=&#8221;classic&#8221; rt_bg_image_repeat=&#8221;repeat&#8221; rt_bg_size=&#8221;cover&#8221; rt_bg_position=&#8221;right top&#8221; rt_bg_attachment=&#8221;scroll&#8221; rt_bg_video_format=&#8221;self-hosted&#8221;][vc_column rt_wrp_col_paddings=&#8221;false&#8221; rt_border_top=&#8221;&#8221; rt_border_bottom=&#8221;&#8221; rt_border_left=&#8221;&#8221; rt_border_right=&#8221;&#8221; rt_border_top_mobile=&#8221;&#8221; rt_border_bottom_mobile=&#8221;&#8221; rt_border_left_mobile=&#8221;&#8221; rt_border_right_mobile=&#8221;&#8221; rt_bg_image_repeat=&#8221;repeat&#8221; rt_bg_size=&#8221;auto auto&#8221; rt_bg_position=&#8221;right top&#8221; rt_bg_attachment=&#8221;scroll&#8221;]<div class=\"rt_heading_wrapper style-1\">\n\t\t\t\t\t\t<h1 class=\"rt_heading  style-1\" >Aktiviteetit<\/h1>\n\t\t\t\t\t<\/div>[vc_column_text]Svin\u00f6 Stugbyn alueella ja hieman m\u00f6kkikyl\u00e4n ulkopuolellakin on monenlaista toimintaa.<br \/>\nM\u00f6kkikyl\u00e4ss\u00e4 voit mm. pelata frisbeegolfia arvostetulla yhdeks\u00e4nreik\u00e4isell\u00e4 kent\u00e4ll\u00e4mme (lainamme<br \/>\nheitt\u00e4\u00e4 pois), kalastaa ja uida toisella m\u00f6kkikyl\u00e4n kahdesta hiekkarannasta, joista toisella on hiljattain rakennettu 5 metri\u00e4 korkea sukellustorni.<br \/>\nJ\u00e4rjest\u00e4mme my\u00f6s aktiviteetteja, kuten mets\u00e4styst\u00e4 ja paintballia pyynn\u00f6st\u00e4 ja yhdess\u00e4 majoituksen kanssa m\u00f6kkikyl\u00e4ss\u00e4.[\/vc_column_text][\/vc_column][\/vc_row][vc_row rt_row_background_width=&#8221;fullwidth&#8221; rt_row_content_width=&#8221;default&#8221; rt_row_style=&#8221;light-style&#8221; rt_row_borders=&#8221;&#8221; rt_row_paddings=&#8221;true&#8221; rt_bg_effect=&#8221;classic&#8221; rt_bg_image_repeat=&#8221;repeat&#8221; rt_bg_size=&#8221;cover&#8221; rt_bg_position=&#8221;right top&#8221; rt_bg_attachment=&#8221;scroll&#8221; rt_bg_video_format=&#8221;self-hosted&#8221;][vc_column rt_wrp_col_paddings=&#8221;false&#8221; rt_border_top=&#8221;&#8221; rt_border_bottom=&#8221;&#8221; rt_border_left=&#8221;&#8221; rt_border_right=&#8221;&#8221; rt_border_top_mobile=&#8221;&#8221; rt_border_bottom_mobile=&#8221;&#8221; rt_border_left_mobile=&#8221;&#8221; rt_border_right_mobile=&#8221;&#8221; rt_bg_image_repeat=&#8221;repeat&#8221; rt_bg_size=&#8221;auto auto&#8221; rt_bg_position=&#8221;right top&#8221; rt_bg_attachment=&#8221;scroll&#8221;]\n<div id=\"portfolio-dynamicID-503565\" class=\"portfolio_list clearfix  masonry filterable\" data-column-width=\"3\">\n<div class=\"col col-sm-4  isotope-item\">\n \n\n<!-- portfolio box-->\n<div class=\"loop style-1 image post-753 portfolio type-portfolio status-publish has-post-thumbnail hentry\" id=\"portfolio-753\">\n\n\t\n\n\t\t\t\t<figure class=\"featured_image\">\n\t\t\t\t\t<img decoding=\"async\" src=\"https:\/\/www.svinostugby.com\/wp-content\/uploads\/2016\/02\/fishing4-640x238.jpg\" alt=\"Svin\u00f6 Stugby Sea Villas &amp; Lodges\" class=\"\" \/>\n\t\t\t\t\t<div class=\"overlay\"><ul class=\"action_buttons\"><li><a id=\"lightbox-841743\" class=\"zoom lightbox_\" data-group=\"image_119\" title=\"Enlarge Image\" data-title=\"Kalastus\" data-sub-html=\"#lightbox-841743-description\" data-thumbnail=\"https:\/\/www.svinostugby.com\/wp-content\/uploads\/2016\/02\/fishing4-75x50.jpg\" data-thumbTooltip=\"\" data-scaleUp=\"\" data-href=\"\" data-width=\"\" data-height=\"\" data-flashHasPriority=\"\" data-poster=\"\" data-autoplay=\"\" data-audiotitle=\"\" data-html=\"\" href=\"https:\/\/www.svinostugby.com\/wp-content\/uploads\/2016\/02\/fishing4.jpg\" ><\/a>\r\n\t\t\t<div class=\"lighbox-description hidden\" id=\"lightbox-841743-description\">\r\n\t\t\t\t<strong>Kalastus<\/strong><br>\r\n\t\t\t\t\r\n\t\t\t<\/div><\/li><li><a class=\"link\" href=\"https:\/\/www.svinostugby.com\/fi\/activity\/kalastus\/\" title=\"Kalastus\" target=\"_self\"><\/a><\/li><\/ul><\/div>\n\t\t\t\t<\/figure>\n\n\t\t\t\t<section class=\"text\">\n\t\t\t\t\t<h5><a href=\"https:\/\/www.svinostugby.com\/fi\/activity\/kalastus\/\" target=\"_self\" rel=\"bookmark\">Kalastus<\/a><\/h5>\n\t\t\t\t\t\n\t\t\t\t<\/section> \n\n\t\t\t\n<\/div> \n<!-- \/ portfolio box-->\n<\/div>\n<div class=\"col col-sm-4  isotope-item\">\n \n\n<!-- portfolio box-->\n<div class=\"loop style-1 image post-745 portfolio type-portfolio status-publish has-post-thumbnail hentry\" id=\"portfolio-745\">\n\n\t\n\n\t\t\t\t<figure class=\"featured_image\">\n\t\t\t\t\t<img decoding=\"async\" src=\"https:\/\/www.svinostugby.com\/wp-content\/uploads\/2016\/02\/jakt_svino_stugby-640x225.jpg\" alt=\"\" class=\"\" \/>\n\t\t\t\t\t<div class=\"overlay\"><ul class=\"action_buttons\"><li><a id=\"lightbox-605550\" class=\"zoom lightbox_\" data-group=\"image_564\" title=\"Enlarge Image\" data-title=\"Mets\u00e4stys\" data-sub-html=\"#lightbox-605550-description\" data-thumbnail=\"https:\/\/www.svinostugby.com\/wp-content\/uploads\/2016\/02\/jakt_svino_stugby-75x50.jpg\" data-thumbTooltip=\"\" data-scaleUp=\"\" data-href=\"\" data-width=\"\" data-height=\"\" data-flashHasPriority=\"\" data-poster=\"\" data-autoplay=\"\" data-audiotitle=\"\" data-html=\"\" href=\"https:\/\/www.svinostugby.com\/wp-content\/uploads\/2016\/02\/jakt_svino_stugby.jpg\" ><\/a>\r\n\t\t\t<div class=\"lighbox-description hidden\" id=\"lightbox-605550-description\">\r\n\t\t\t\t<strong>Mets\u00e4stys<\/strong><br>\r\n\t\t\t\t\r\n\t\t\t<\/div><\/li><li><a class=\"link\" href=\"https:\/\/www.svinostugby.com\/fi\/activity\/metsastys\/\" title=\"Mets\u00e4stys\" target=\"_self\"><\/a><\/li><\/ul><\/div>\n\t\t\t\t<\/figure>\n\n\t\t\t\t<section class=\"text\">\n\t\t\t\t\t<h5><a href=\"https:\/\/www.svinostugby.com\/fi\/activity\/metsastys\/\" target=\"_self\" rel=\"bookmark\">Mets\u00e4stys<\/a><\/h5>\n\t\t\t\t\t\n\t\t\t\t<\/section> \n\n\t\t\t\n<\/div> \n<!-- \/ portfolio box-->\n<\/div>\n<div class=\"col col-sm-4  isotope-item\">\n \n\n<!-- portfolio box-->\n<div class=\"loop style-1 image post-739 portfolio type-portfolio status-publish has-post-thumbnail hentry\" id=\"portfolio-739\">\n\n\t\n\n\t\t\t\t<figure class=\"featured_image\">\n\t\t\t\t\t<img decoding=\"async\" src=\"https:\/\/www.svinostugby.com\/wp-content\/uploads\/2016\/02\/cykel1-640x292.jpg\" alt=\"bikecycle\" class=\"\" \/>\n\t\t\t\t\t<div class=\"overlay\"><ul class=\"action_buttons\"><li><a id=\"lightbox-479197\" class=\"zoom lightbox_\" data-group=\"image_129\" title=\"Enlarge Image\" data-title=\"Polkupy\u00f6r\u00e4n vuokraus\" data-sub-html=\"#lightbox-479197-description\" data-thumbnail=\"https:\/\/www.svinostugby.com\/wp-content\/uploads\/2016\/02\/cykel1-75x50.jpg\" data-thumbTooltip=\"\" data-scaleUp=\"\" data-href=\"\" data-width=\"\" data-height=\"\" data-flashHasPriority=\"\" data-poster=\"\" data-autoplay=\"\" data-audiotitle=\"\" data-html=\"\" href=\"https:\/\/www.svinostugby.com\/wp-content\/uploads\/2016\/02\/cykel1.jpg\" ><\/a>\r\n\t\t\t<div class=\"lighbox-description hidden\" id=\"lightbox-479197-description\">\r\n\t\t\t\t<strong>Polkupy\u00f6r\u00e4n vuokraus<\/strong><br>\r\n\t\t\t\t\r\n\t\t\t<\/div><\/li><li><a class=\"link\" href=\"https:\/\/www.svinostugby.com\/fi\/activity\/polkupyoran-vuokraus\/\" title=\"Polkupy\u00f6r\u00e4n vuokraus\" target=\"_self\"><\/a><\/li><\/ul><\/div>\n\t\t\t\t<\/figure>\n\n\t\t\t\t<section class=\"text\">\n\t\t\t\t\t<h5><a href=\"https:\/\/www.svinostugby.com\/fi\/activity\/polkupyoran-vuokraus\/\" target=\"_self\" rel=\"bookmark\">Polkupy\u00f6r\u00e4n vuokraus<\/a><\/h5>\n\t\t\t\t\t\n\t\t\t\t<\/section> \n\n\t\t\t\n<\/div> \n<!-- \/ portfolio box-->\n<\/div>\n<div class=\"col col-sm-4  isotope-item\">\n \n\n<!-- portfolio box-->\n<div class=\"loop style-1 image post-724 portfolio type-portfolio status-publish has-post-thumbnail hentry\" id=\"portfolio-724\">\n\n\t\n\n\t\t\t\t<figure class=\"featured_image\">\n\t\t\t\t\t<img decoding=\"async\" src=\"https:\/\/www.svinostugby.com\/wp-content\/uploads\/2016\/02\/gocart-640x462.jpg\" alt=\"Go Kart\" class=\"\" \/>\n\t\t\t\t\t<div class=\"overlay\"><ul class=\"action_buttons\"><li><a id=\"lightbox-454645\" class=\"zoom lightbox_\" data-group=\"image_143\" title=\"Enlarge Image\" data-title=\"Karting\" data-sub-html=\"#lightbox-454645-description\" data-thumbnail=\"https:\/\/www.svinostugby.com\/wp-content\/uploads\/2016\/02\/gocart-75x50.jpg\" data-thumbTooltip=\"\" data-scaleUp=\"\" data-href=\"\" data-width=\"\" data-height=\"\" data-flashHasPriority=\"\" data-poster=\"\" data-autoplay=\"\" data-audiotitle=\"\" data-html=\"\" href=\"https:\/\/www.svinostugby.com\/wp-content\/uploads\/2016\/02\/gocart.jpg\" ><\/a>\r\n\t\t\t<div class=\"lighbox-description hidden\" id=\"lightbox-454645-description\">\r\n\t\t\t\t<strong>Karting<\/strong><br>\r\n\t\t\t\t\r\n\t\t\t<\/div><\/li><li><a class=\"link\" href=\"https:\/\/www.svinostugby.com\/fi\/activity\/karting\/\" title=\"Karting\" target=\"_self\"><\/a><\/li><\/ul><\/div>\n\t\t\t\t<\/figure>\n\n\t\t\t\t<section class=\"text\">\n\t\t\t\t\t<h5><a href=\"https:\/\/www.svinostugby.com\/fi\/activity\/karting\/\" target=\"_self\" rel=\"bookmark\">Karting<\/a><\/h5>\n\t\t\t\t\t\n\t\t\t\t<\/section> \n\n\t\t\t\n<\/div> \n<!-- \/ portfolio box-->\n<\/div>\n<div class=\"col col-sm-4  isotope-item\">\n \n\n<!-- portfolio box-->\n<div class=\"loop style-1 image post-718 portfolio type-portfolio status-publish has-post-thumbnail hentry\" id=\"portfolio-718\">\n\n\t\n\n\t\t\t\t<figure class=\"featured_image\">\n\t\t\t\t\t<img decoding=\"async\" src=\"https:\/\/www.svinostugby.com\/wp-content\/uploads\/2016\/02\/fishing3-640x360.jpg\" alt=\"Svin\u00f6 Stugby Sea Villas &amp; Lodges\" class=\"\" \/>\n\t\t\t\t\t<div class=\"overlay\"><ul class=\"action_buttons\"><li><a id=\"lightbox-215355\" class=\"zoom lightbox_\" data-group=\"image_118\" title=\"Enlarge Image\" data-title=\"Valokuvakokemus\" data-sub-html=\"#lightbox-215355-description\" data-thumbnail=\"https:\/\/www.svinostugby.com\/wp-content\/uploads\/2016\/02\/fishing3-75x50.jpg\" data-thumbTooltip=\"\" data-scaleUp=\"\" data-href=\"\" data-width=\"\" data-height=\"\" data-flashHasPriority=\"\" data-poster=\"\" data-autoplay=\"\" data-audiotitle=\"\" data-html=\"\" href=\"https:\/\/www.svinostugby.com\/wp-content\/uploads\/2016\/02\/fishing3.jpg\" ><\/a>\r\n\t\t\t<div class=\"lighbox-description hidden\" id=\"lightbox-215355-description\">\r\n\t\t\t\t<strong>Valokuvakokemus<\/strong><br>\r\n\t\t\t\t\r\n\t\t\t<\/div><\/li><li><a class=\"link\" href=\"https:\/\/www.svinostugby.com\/fi\/activity\/valokuvakokemus\/\" title=\"Valokuvakokemus\" target=\"_self\"><\/a><\/li><\/ul><\/div>\n\t\t\t\t<\/figure>\n\n\t\t\t\t<section class=\"text\">\n\t\t\t\t\t<h5><a href=\"https:\/\/www.svinostugby.com\/fi\/activity\/valokuvakokemus\/\" target=\"_self\" rel=\"bookmark\">Valokuvakokemus<\/a><\/h5>\n\t\t\t\t\t\n\t\t\t\t<\/section> \n\n\t\t\t\n<\/div> \n<!-- \/ portfolio box-->\n<\/div>\n<div class=\"col col-sm-4  isotope-item\">\n \n\n<!-- portfolio box-->\n<div class=\"loop style-1 image post-714 portfolio type-portfolio status-publish has-post-thumbnail hentry\" id=\"portfolio-714\">\n\n\t\n\n\t\t\t\t<figure class=\"featured_image\">\n\t\t\t\t\t<img decoding=\"async\" src=\"https:\/\/www.svinostugby.com\/wp-content\/uploads\/2017\/04\/paintball_svinostugby.jpg\" alt=\"\" class=\"\" \/>\n\t\t\t\t\t<div class=\"overlay\"><ul class=\"action_buttons\"><li><a id=\"lightbox-261989\" class=\"zoom lightbox_\" data-group=\"image_462\" title=\"Enlarge Image\" data-title=\"Paintball\" data-sub-html=\"#lightbox-261989-description\" data-thumbnail=\"https:\/\/www.svinostugby.com\/wp-content\/uploads\/2017\/04\/paintball_svinostugby-75x50.jpg\" data-thumbTooltip=\"\" data-scaleUp=\"\" data-href=\"\" data-width=\"\" data-height=\"\" data-flashHasPriority=\"\" data-poster=\"\" data-autoplay=\"\" data-audiotitle=\"\" data-html=\"\" href=\"https:\/\/www.svinostugby.com\/wp-content\/uploads\/2017\/04\/paintball_svinostugby.jpg\" ><\/a>\r\n\t\t\t<div class=\"lighbox-description hidden\" id=\"lightbox-261989-description\">\r\n\t\t\t\t<strong>Paintball<\/strong><br>\r\n\t\t\t\t\r\n\t\t\t<\/div><\/li><li><a class=\"link\" href=\"https:\/\/www.svinostugby.com\/fi\/activity\/paintball\/\" title=\"Paintball\" target=\"_self\"><\/a><\/li><\/ul><\/div>\n\t\t\t\t<\/figure>\n\n\t\t\t\t<section class=\"text\">\n\t\t\t\t\t<h5><a href=\"https:\/\/www.svinostugby.com\/fi\/activity\/paintball\/\" target=\"_self\" rel=\"bookmark\">Paintball<\/a><\/h5>\n\t\t\t\t\t\n\t\t\t\t<\/section> \n\n\t\t\t\n<\/div> \n<!-- \/ portfolio box-->\n<\/div>\n<div class=\"col col-sm-4  isotope-item\">\n \n\n<!-- portfolio box-->\n<div class=\"loop style-1 image post-710 portfolio type-portfolio status-publish has-post-thumbnail hentry\" id=\"portfolio-710\">\n\n\t\n\n\t\t\t\t<figure class=\"featured_image\">\n\t\t\t\t\t<img decoding=\"async\" src=\"https:\/\/www.svinostugby.com\/wp-content\/uploads\/2020\/08\/109393186_574252456591615_6856123910006791322_n-640x412.png\" alt=\"DiscGolf \u00c5land\" class=\"\" \/>\n\t\t\t\t\t<div class=\"overlay\"><ul class=\"action_buttons\"><li><a id=\"lightbox-991842\" class=\"zoom lightbox_\" data-group=\"image_616\" title=\"Enlarge Image\" data-title=\"DiscGolf\" data-sub-html=\"#lightbox-991842-description\" data-thumbnail=\"https:\/\/www.svinostugby.com\/wp-content\/uploads\/2020\/08\/109393186_574252456591615_6856123910006791322_n-75x50.png\" data-thumbTooltip=\"\" data-scaleUp=\"\" data-href=\"\" data-width=\"\" data-height=\"\" data-flashHasPriority=\"\" data-poster=\"\" data-autoplay=\"\" data-audiotitle=\"\" data-html=\"\" href=\"https:\/\/www.svinostugby.com\/wp-content\/uploads\/2020\/08\/109393186_574252456591615_6856123910006791322_n.png\" ><\/a>\r\n\t\t\t<div class=\"lighbox-description hidden\" id=\"lightbox-991842-description\">\r\n\t\t\t\t<strong>DiscGolf<\/strong><br>\r\n\t\t\t\t\r\n\t\t\t<\/div><\/li><li><a class=\"link\" href=\"https:\/\/www.svinostugby.com\/fi\/activity\/discgolf\/\" title=\"DiscGolf\" target=\"_self\"><\/a><\/li><\/ul><\/div>\n\t\t\t\t<\/figure>\n\n\t\t\t\t<section class=\"text\">\n\t\t\t\t\t<h5><a href=\"https:\/\/www.svinostugby.com\/fi\/activity\/discgolf\/\" target=\"_self\" rel=\"bookmark\">DiscGolf<\/a><\/h5>\n\t\t\t\t\t\n\t\t\t\t<\/section> \n\n\t\t\t\n<\/div> \n<!-- \/ portfolio box-->\n<\/div>\n<div class=\"col col-sm-4  isotope-item\">\n \n\n<!-- portfolio box-->\n<div class=\"loop style-1 image post-703 portfolio type-portfolio status-publish has-post-thumbnail hentry\" id=\"portfolio-703\">\n\n\t\n\n\t\t\t\t<figure class=\"featured_image\">\n\t\t\t\t\t<img decoding=\"async\" src=\"https:\/\/www.svinostugby.com\/wp-content\/uploads\/2023\/06\/DSC_0076-scaled-640x427.jpg\" alt=\"\" class=\"\" \/>\n\t\t\t\t\t<div class=\"overlay\"><ul class=\"action_buttons\"><li><a id=\"lightbox-819559\" class=\"zoom lightbox_\" data-group=\"image_640\" title=\"Enlarge Image\" data-title=\"Hyppytorni\" data-sub-html=\"#lightbox-819559-description\" data-thumbnail=\"https:\/\/www.svinostugby.com\/wp-content\/uploads\/2023\/06\/DSC_0076-scaled-75x50.jpg\" data-thumbTooltip=\"\" data-scaleUp=\"\" data-href=\"\" data-width=\"\" data-height=\"\" data-flashHasPriority=\"\" data-poster=\"\" data-autoplay=\"\" data-audiotitle=\"\" data-html=\"\" href=\"https:\/\/www.svinostugby.com\/wp-content\/uploads\/2023\/06\/DSC_0076-scaled.jpg\" ><\/a>\r\n\t\t\t<div class=\"lighbox-description hidden\" id=\"lightbox-819559-description\">\r\n\t\t\t\t<strong>Hyppytorni<\/strong><br>\r\n\t\t\t\t\r\n\t\t\t<\/div><\/li><li><a class=\"link\" href=\"https:\/\/www.svinostugby.com\/fi\/activity\/hyppytorni\/\" title=\"Hyppytorni\" target=\"_self\"><\/a><\/li><\/ul><\/div>\n\t\t\t\t<\/figure>\n\n\t\t\t\t<section class=\"text\">\n\t\t\t\t\t<h5><a href=\"https:\/\/www.svinostugby.com\/fi\/activity\/hyppytorni\/\" target=\"_self\" rel=\"bookmark\">Hyppytorni<\/a><\/h5>\n\t\t\t\t\t\n\t\t\t\t<\/section> \n\n\t\t\t\n<\/div> \n<!-- \/ portfolio box-->\n<\/div>\n<div class=\"col col-sm-4  isotope-item\">\n \n\n<!-- portfolio box-->\n<div class=\"loop style-1 image post-694 portfolio type-portfolio status-publish has-post-thumbnail hentry\" id=\"portfolio-694\">\n\n\t\n\n\t\t\t\t<figure class=\"featured_image\">\n\t\t\t\t\t<img decoding=\"async\" src=\"https:\/\/www.svinostugby.com\/wp-content\/uploads\/2017\/04\/golf_svinostugby_23-e1493390840988.jpg\" alt=\"\" class=\"\" \/>\n\t\t\t\t\t<div class=\"overlay\"><ul class=\"action_buttons\"><li><a id=\"lightbox-778587\" class=\"zoom lightbox_\" data-group=\"image_489\" title=\"Enlarge Image\" data-title=\"Golf\" data-sub-html=\"#lightbox-778587-description\" data-thumbnail=\"https:\/\/www.svinostugby.com\/wp-content\/uploads\/2017\/04\/golf_svinostugby_23-e1493390840988-75x50.jpg\" data-thumbTooltip=\"\" data-scaleUp=\"\" data-href=\"\" data-width=\"\" data-height=\"\" data-flashHasPriority=\"\" data-poster=\"\" data-autoplay=\"\" data-audiotitle=\"\" data-html=\"\" href=\"https:\/\/www.svinostugby.com\/wp-content\/uploads\/2017\/04\/golf_svinostugby_23-e1493390840988.jpg\" ><\/a>\r\n\t\t\t<div class=\"lighbox-description hidden\" id=\"lightbox-778587-description\">\r\n\t\t\t\t<strong>Golf<\/strong><br>\r\n\t\t\t\t\r\n\t\t\t<\/div><\/li><li><a class=\"link\" href=\"https:\/\/www.svinostugby.com\/fi\/activity\/golf\/\" title=\"Golf\" target=\"_self\"><\/a><\/li><\/ul><\/div>\n\t\t\t\t<\/figure>\n\n\t\t\t\t<section class=\"text\">\n\t\t\t\t\t<h5><a href=\"https:\/\/www.svinostugby.com\/fi\/activity\/golf\/\" target=\"_self\" rel=\"bookmark\">Golf<\/a><\/h5>\n\t\t\t\t\t\n\t\t\t\t<\/section> \n\n\t\t\t\n<\/div> \n<!-- \/ portfolio box-->\n<\/div>\n<\/div>\n<div class=\"paging_wrapper margin-t30 margin-b30\"><\/div>[\/vc_column][\/vc_row]<\/p>\n","protected":false},"excerpt":{"rendered":"<p>[vc_row rt_row_background_width=&#8221;fullwidth&#8221; rt_row_content_width=&#8221;default&#8221; rt_row_style=&#8221;default-style&#8221; rt_row_borders=&#8221;&#8221; rt_row_paddings=&#8221;true&#8221; rt_bg_effect=&#8221;classic&#8221; rt_bg_image_repeat=&#8221;repeat&#8221; rt_bg_size=&#8221;cover&#8221; rt_bg_position=&#8221;right top&#8221; rt_bg_attachment=&#8221;scroll&#8221; rt_bg_video_format=&#8221;self-hosted&#8221;][vc_column rt_wrp_col_paddings=&#8221;false&#8221; rt_border_top=&#8221;&#8221; rt_border_bottom=&#8221;&#8221; rt_border_left=&#8221;&#8221; rt_border_right=&#8221;&#8221; rt_border_top_mobile=&#8221;&#8221; rt_border_bottom_mobile=&#8221;&#8221; rt_border_left_mobile=&#8221;&#8221; rt_border_right_mobile=&#8221;&#8221; rt_bg_image_repeat=&#8221;repeat&#8221; rt_bg_size=&#8221;auto auto&#8221; rt_bg_position=&#8221;right top&#8221; rt_bg_attachment=&#8221;scroll&#8221;][vc_column_text]Svin\u00f6 Stugbyn alueella ja hieman m\u00f6kkikyl\u00e4n ulkopuolellakin on monenlaista toimintaa. M\u00f6kkikyl\u00e4ss\u00e4 voit mm. pelata frisbeegolfia arvostetulla yhdeks\u00e4nreik\u00e4isell\u00e4 kent\u00e4ll\u00e4mme (lainamme heitt\u00e4\u00e4 pois), kalastaa ja uida toisella m\u00f6kkikyl\u00e4n kahdesta hiekkarannasta, [&hellip;]<\/p>\n","protected":false},"author":1,"featured_media":0,"parent":0,"menu_order":3,"comment_status":"closed","ping_status":"closed","template":"","meta":{"footnotes":""},"class_list":["post-670","page","type-page","status-publish","hentry"],"_links":{"self":[{"href":"https:\/\/www.svinostugby.com\/fi\/wp-json\/wp\/v2\/pages\/670","targetHints":{"allow":["GET"]}}],"collection":[{"href":"https:\/\/www.svinostugby.com\/fi\/wp-json\/wp\/v2\/pages"}],"about":[{"href":"https:\/\/www.svinostugby.com\/fi\/wp-json\/wp\/v2\/types\/page"}],"author":[{"embeddable":true,"href":"https:\/\/www.svinostugby.com\/fi\/wp-json\/wp\/v2\/users\/1"}],"replies":[{"embeddable":true,"href":"https:\/\/www.svinostugby.com\/fi\/wp-json\/wp\/v2\/comments?post=670"}],"version-history":[{"count":1,"href":"https:\/\/www.svinostugby.com\/fi\/wp-json\/wp\/v2\/pages\/670\/revisions"}],"predecessor-version":[{"id":671,"href":"https:\/\/www.svinostugby.com\/fi\/wp-json\/wp\/v2\/pages\/670\/revisions\/671"}],"wp:attachment":[{"href":"https:\/\/www.svinostugby.com\/fi\/wp-json\/wp\/v2\/media?parent=670"}],"curies":[{"name":"wp","href":"https:\/\/api.w.org\/{rel}","templated":true}]}}